{"id":72,"date":"2015-04-09T14:32:37","date_gmt":"2015-04-09T12:32:37","guid":{"rendered":"http:\/\/www.espace-vu.fr\/blog\/?page_id=72"},"modified":"2015-04-16T10:24:53","modified_gmt":"2015-04-16T08:24:53","slug":"amenagement-volkswagen-crafter-l1h1-l2h1-l2h2-l2h3-l3h3-l4h2-l4h3-transporter-t5-l1h1-l2h1-l2h2-caddy-l1-l2-habillage-galerie-pupitre","status":"publish","type":"page","link":"https:\/\/www.espace-vu.fr\/blog\/amenagement-volkswagen-crafter-l1h1-l2h1-l2h2-l2h3-l3h3-l4h2-l4h3-transporter-t5-l1h1-l2h1-l2h2-caddy-l1-l2-habillage-galerie-pupitre\/","title":{"rendered":"Am\u00e9nagement Crafter Transporter T5 Caddy"},"content":{"rendered":"<p><strong>Am\u00e9nagement bois\u00a0Crafter, Transporter, T5, Caddy am\u00e9nagement m\u00e9tallique par <a title=\"Am\u00e9nagement de v\u00e9hicules utilitaires pour fourgon et fourgonnette pour  Volkswagen Crafter, Transporter, T5, Caddy \u00e0 Tresses pr\u00e8s de Bordeaux en Gironde, Lot-et-Garonne, Charente, Charente-Maritime. Vente directe et exp\u00e9dition d'\u00e9quipements et d'accessoires en France m\u00e9tropolitaine et en Corse.\" href=\"http:\/\/www.espace-vu.fr\/\" target=\"_blank\">ESPACE V.U Sarl<\/a><\/strong> \u00e0 Tresses 33370 pr\u00e8s de Bordeaux en Gironde, Dordogne, Lot-et-Garonne, Charente et Charente-Maritime.<\/p>\n<p><strong><span style=\"color: #ff0000;\">Vente directe et exp\u00e9dition en France m\u00e9tropolitaine et en Corse.<\/span><br \/>\n\u00c9quipements et accessoires pour\u00a0Volkswagen Crafter, Transporter T5, Caddy utilitaires.<\/strong><\/p>\n<p><strong>Am\u00e9nagement int\u00e9rieur : \u00a0&gt;&gt; <a title=\"Contact pour l'am\u00e9nagement de v\u00e9hicules utilitaires fourgon, fourgonnette et camionnette pour  Volkswagen Crafter, Transporter, T5, Caddy par ESPACE V.U Sarl \u00e0 Bordeaux en Gironde.\" href=\"http:\/\/www.espace-vu.fr\/contact-amenagement-vehicule.html\" target=\"_blank\">contact<\/a> &lt;&lt;<\/strong><\/p>\n<p>&#8211; <a title=\"Am\u00e9nagement pour v\u00e9hicules utilitaire  Volkswagen Crafter, Transporter, T5, Caddy avec des meubles de rangement, \u00e9tag\u00e8re, casier, tiroir, plan de travail, bac \u00e0 bec .. par ESPACE V.U Sarl \u00e0 Bordeaux en Gironde\" href=\"http:\/\/www.espace-vu.fr\/amenagement-vehicule-utilitaire.html\" target=\"_blank\">Meuble de rangement, \u00e9tag\u00e8re, casiers, mallette, bac \u00e0 bec, L-Boxx<\/a>,<br \/>\n&#8211; Plan de travail, \u00e9tabli rabattable,<br \/>\n&#8211; <a title=\"Habillage int\u00e9rieur pour v\u00e9hicules utilitaires en bois ou en polypropyl\u00e8ne pour  Volkswagen Crafter, Transporter, T5, Caddy par ESPACE V.U Sarl \u00e0 Bordeaux en GIronde.\" href=\"http:\/\/www.espace-vu.fr\/habillage-bois-kit-utilitaire-33.html\" target=\"_blank\">Habillage et plancher en bois ou en polypropyl\u00e8ne<\/a>,<br \/>\n&#8211; \u00c9clairage \u00e0 LED,<br \/>\n&#8211; Arrimage<\/p>\n<p><strong>Am\u00e9nagement ext\u00e9rieur : \u00a0&gt;&gt; <a title=\"Contact pour galerie en aluminium, galerie en acier, pupitre porte-verre, berce-vitre pour v\u00e9hicules utilitaires  Volkswagen Crafter, Transporter, T5, Caddy par ESPACE V.U Sarl \u00e0 Bordeaux en Gironde.\" href=\"http:\/\/www.espace-vu.fr\/contact-amenagement-vehicule.html\">contact<\/a> &lt;&lt;<\/strong><\/p>\n<p>&#8211; <a title=\"Galerie en aluminium pour v\u00e9hicules utilitaires Volkswagen Crafter, Transporter, T5, Caddy par ESPACE V.U Sarl \u00e0 Bordeaux en Gironde.\" href=\"http:\/\/www.espace-vu.fr\/galerie-pour-vehicule-utilitaire.html\" target=\"_blank\">Galerie en aluminium<\/a>, <a title=\"Galerie en acier pour v\u00e9hicules utilitaires  Volkswagen Crafter, Transporter, T5, Caddy par ESPACE V.U Sarl \u00e0 Bordeaux en Gironde.\" href=\"http:\/\/www.espace-vu.fr\/galerie-pour-vehicule-utilitaire.html\" target=\"_blank\">galerie en acier galvanis\u00e9<\/a>,<br \/>\n&#8211; <a title=\"Pupitre porte-verre pour v\u00e9hicules utilitaires fourgon, fourgonnette et camionnette pour  Volkswagen Crafter, Transporter, T5, Caddy par ESPACE V.U Sarl \u00e0 Bordeaux en Gironde.\" href=\"http:\/\/www.espace-vu.fr\/pupitre-porte-verre-berce-vitre.html\" target=\"_blank\">Pupitre porte-verre ext\u00e9rieur<\/a>, berce-vitre int\u00e9rieur,<br \/>\n&#8211; Marche pied,<br \/>\n&#8211; Rampe de chargement,<br \/>\n&#8211; Attelage<\/p>\n<p><a title=\"Catalogues am\u00e9nagement de v\u00e9hicules utilitaires pour fourgon, fourgonnette et camionnette pour  Volkswagen Crafter, Transporter, T5, Caddy avec ESPACE V.U Sarl \u00e0 Bordeaux en Gironde.\" href=\"http:\/\/www.espace-vu.fr\/catalogue-amenagement-vehicule.html\" target=\"_blank\">Acc\u00e9dez aux\u00a0catalogues<\/a>.<\/p>\n<figure id=\"attachment_20\" aria-describedby=\"caption-attachment-20\" style=\"width: 300px\" class=\"wp-caption alignnone\"><a href=\"https:\/\/www.espace-vu.fr\/blog\/wp-content\/uploads\/2015\/03\/am\u00e9nagement-global-de-rangement-\u00e9quipements-de-v\u00e9hicule-utilitaire-par-ESPACE-VU-\u00e0-Bordeaux-en-Gironde-Facebook.jpg\"><img loading=\"lazy\" decoding=\"async\" class=\"wp-image-20 size-medium\" title=\"Am\u00e9nagement de v\u00e9hicules utilitaire pour Volkswagen Crafter, Transporter T5, Caddy par ESPACE V.U Sarl \u00e0 Bordeaux en Gironde, Dordogne, Lot-et-Garonne,  Charente, Charente-Maritime\" src=\"https:\/\/www.espace-vu.fr\/blog\/wp-content\/uploads\/2015\/03\/am\u00e9nagement-global-de-rangement-\u00e9quipements-de-v\u00e9hicule-utilitaire-par-ESPACE-VU-\u00e0-Bordeaux-en-Gironde-Facebook-300x132.jpg\" alt=\"Am\u00e9nagement de v\u00e9hicules utilitaires \u00e0 Bordeaux en Gironde et en aquitaine avec ESPACE V.U sarl\" width=\"300\" height=\"132\" srcset=\"https:\/\/www.espace-vu.fr\/wp-content\/uploads\/2015\/03\/am\u00e9nagement-global-de-rangement-\u00e9quipements-de-v\u00e9hicule-utilitaire-par-ESPACE-VU-\u00e0-Bordeaux-en-Gironde-Facebook-300x132.jpg 300w, https:\/\/www.espace-vu.fr\/wp-content\/uploads\/2015\/03\/am\u00e9nagement-global-de-rangement-\u00e9quipements-de-v\u00e9hicule-utilitaire-par-ESPACE-VU-\u00e0-Bordeaux-en-Gironde-Facebook.jpg 636w\" sizes=\"(max-width: 300px) 100vw, 300px\" \/><\/a><figcaption id=\"caption-attachment-20\" class=\"wp-caption-text\">Am\u00e9nagement de v\u00e9hicules utilitaires Volkswagen Crafter, Transporter T5, Caddy\u00a0fourgons et fourgonnettes pour plombier , \u00e9lectricien, menuisier, artisan.. \u00e0 Bordeaux en Gironde et en Aquitaine avec ESPACE V.U Sarl<\/figcaption><\/figure>\n<p>Suivez-nous sur le site classique et sur les r\u00e9seaux sociaux<br \/>\n<a style=\"line-height: 1.6471;\" title=\"Page Facebook ESPACE V.U Sarl pour l'am\u00e9nagement de v\u00e9hicules utilitaires fourgon fourgonnette et camionnette  Volkswagen Crafter, Transporter, T5, Caddy \u00e0 Bordeaux en Gironde. Vente directe d'\u00e9quipements et accessoires pour v\u00e9hicules utilitaires en France m\u00e9tropolitaine et en Corse.\" href=\"https:\/\/www.facebook.com\/espace.vu\" target=\"_blank\">Facebook<\/a><span style=\"line-height: 1.6471;\"> &#8211; <\/span><a style=\"line-height: 1.6471;\" title=\"Page Google + ESPACE V.U Sarl pour l'am\u00e9nagement de v\u00e9hicules utilitaires fourgon fourgonnette et camionnette  Volkswagen Crafter, Transporter, T5, Caddy \u00e0 Bordeaux en Gironde. Vente directe d'\u00e9quipements et accessoires pour v\u00e9hicules utilitaires en France m\u00e9tropolitaine et en Corse.\" href=\"https:\/\/plus.google.com\/+EspacevuFrBordeaux\/posts\" target=\"_blank\">Google+<\/a><span style=\"line-height: 1.6471;\"> et <\/span><a style=\"line-height: 1.6471;\" title=\"Compte Twitter ESPACE V.U Sarl pour l'am\u00e9nagement de v\u00e9hicules utilitaires fourgon fourgonnette et camionnette  Volkswagen Crafter, Transporter, T5, Caddy \u00e0 Bordeaux en Gironde. Vente directe d'\u00e9quipements et accessoires pour v\u00e9hicules utilitaires en France m\u00e9tropolitaine et en Corse.\" href=\"https:\/\/twitter.com\/Sarl_ESPACE_VU\" target=\"_blank\">Twitter<\/a><span style=\"line-height: 1.6471;\"> pour d\u00e9couvrir l&rsquo;entreprise, nos r\u00e9alisations et notre actualit\u00e9.<\/span><\/p>\n<p>Devis gratuit en 24H, plan 3D. Nos conseillers techniques sont \u00e0 votre disposition du lundi au vendredi de 08h \u00e0 12h et 14h \u00e0 18h au 05.56.20.96.58 ou par mail :<\/p>\n<p>&#8211; Patrice &gt;&gt; patrice@espace-vu.fr<br \/>\n&#8211; Christophe &gt;&gt; christophe@espace-vu.fr<\/p>\n<p>Nous traitons toutes les demandes, du v\u00e9hicule utilitaire \u00e0 l&rsquo;unit\u00e9 d&rsquo;un artisan, TPE, jusqu&rsquo;\u00e0 la flotte d&rsquo;entreprise, PME.<\/p>\n<p><strong>Faites de votre v\u00e9hicule utilitaire un outil performant<br \/>\n<\/strong><strong>avec ESPACE V.U<\/strong><\/p>\n<p><a href=\"https:\/\/www.espace-vu.fr\/blog\/wp-content\/uploads\/2015\/02\/logo-Espace-V-U-PETIT.jpg\"><img loading=\"lazy\" decoding=\"async\" class=\"alignnone wp-image-9 size-full\" title=\"Espace V.U Sarl | Am\u00e9nagement de v\u00e9hicule utilitaire pour fourgon et fourgonnette Renault Master Trafic Kangoo, Peugeot Boxer Expert Partner, Citro\u00ebn Jumper Jumpy Berlingo, Fiat Ducato Scudo Doblo Cargo, Mercedes Sprinter Vito Citan, Volkswagen Crafter Transporter T5 Caddy, Ford Transit Custom Connect, Nissan Primastar NV400 NV200, Opel Movano Vivaro Combo, Iv\u00e9co Daily. \u00e0 Bordeaux en Gironde, Dordogne, Lot-et-Garonne, Charente, Charente-Maritime et en Aquitaine. Vente directe et exp\u00e9dition d'\u00e9quipements en France m\u00e9tropolitaine et en Corse.\" src=\"https:\/\/www.espace-vu.fr\/blog\/wp-content\/uploads\/2015\/02\/logo-Espace-V-U-PETIT.jpg\" alt=\"Espace V.U Sarl | Am\u00e9nagement de v\u00e9hicule utilitaire pour fourgon et fourgonnette Renault Master Trafic Kangoo, Peugeot Boxer Expert Partner, Citro\u00ebn Jumper Jumpy Berlingo, Fiat Ducato Scudo Doblo Cargo, Mercedes Sprinter Vito Citan, Volkswagen Crafter Transporter T5 Caddy, Ford Transit Custom Connect, Nissan Primastar NV400 NV200, Opel Movano Vivaro Combo, Iv\u00e9co Daily\" width=\"156\" height=\"156\" srcset=\"https:\/\/www.espace-vu.fr\/wp-content\/uploads\/2015\/02\/logo-Espace-V-U-PETIT.jpg 156w, https:\/\/www.espace-vu.fr\/wp-content\/uploads\/2015\/02\/logo-Espace-V-U-PETIT-150x150.jpg 150w\" sizes=\"(max-width: 156px) 100vw, 156px\" \/><\/a><\/p>\n<p>&nbsp;<\/p>\n","protected":false},"excerpt":{"rendered":"<p>Am\u00e9nagement bois\u00a0Crafter, Transporter, T5, Caddy am\u00e9nagement m\u00e9tallique par ESPACE V.U Sarl \u00e0 Tresses 33370 pr\u00e8s de Bordeaux en Gironde, Dordogne, Lot-et-Garonne, Charente et Charente-Maritime. Vente directe et exp\u00e9dition en France m\u00e9tropolitaine et en Corse. \u00c9quipements et accessoires pour\u00a0Volkswagen Crafter, Transporter T5, Caddy utilitaires. Am\u00e9nagement int\u00e9rieur : \u00a0&gt;&gt; contact &lt;&lt; &#8211; Meuble de rangement, \u00e9tag\u00e8re, casiers, &hellip; <a href=\"https:\/\/www.espace-vu.fr\/blog\/amenagement-volkswagen-crafter-l1h1-l2h1-l2h2-l2h3-l3h3-l4h2-l4h3-transporter-t5-l1h1-l2h1-l2h2-caddy-l1-l2-habillage-galerie-pupitre\/\" class=\"more-link\">Continuer la lecture de <span class=\"screen-reader-text\">Am\u00e9nagement Crafter Transporter T5 Caddy<\/span><\/a><\/p>\n","protected":false},"author":1,"featured_media":0,"parent":0,"menu_order":0,"comment_status":"open","ping_status":"open","template":"","meta":{"footnotes":""},"_links":{"self":[{"href":"https:\/\/www.espace-vu.fr\/blog\/wp-json\/wp\/v2\/pages\/72"}],"collection":[{"href":"https:\/\/www.espace-vu.fr\/blog\/wp-json\/wp\/v2\/pages"}],"about":[{"href":"https:\/\/www.espace-vu.fr\/blog\/wp-json\/wp\/v2\/types\/page"}],"author":[{"embeddable":true,"href":"https:\/\/www.espace-vu.fr\/blog\/wp-json\/wp\/v2\/users\/1"}],"replies":[{"embeddable":true,"href":"https:\/\/www.espace-vu.fr\/blog\/wp-json\/wp\/v2\/comments?post=72"}],"version-history":[{"count":4,"href":"https:\/\/www.espace-vu.fr\/blog\/wp-json\/wp\/v2\/pages\/72\/revisions"}],"predecessor-version":[{"id":163,"href":"https:\/\/www.espace-vu.fr\/blog\/wp-json\/wp\/v2\/pages\/72\/revisions\/163"}],"wp:attachment":[{"href":"https:\/\/www.espace-vu.fr\/blog\/wp-json\/wp\/v2\/media?parent=72"}],"curies":[{"name":"wp","href":"https:\/\/api.w.org\/{rel}","templated":true}]}}