{"id":23,"date":"2022-09-19T16:58:55","date_gmt":"2022-09-19T14:58:55","guid":{"rendered":"http:\/\/www.espace-vu.fr\/blog\/?page_id=23"},"modified":"2022-09-19T16:58:55","modified_gmt":"2022-09-19T14:58:55","slug":"a-propos","status":"publish","type":"page","link":"https:\/\/www.espace-vu.fr\/blog\/a-propos\/","title":{"rendered":"Am\u00e9nagement de v\u00e9hicules utilitaires pour entreprise, artisan TPE, PME-PMI, collectivit\u00e9 locale et grand compte.."},"content":{"rendered":"\n<p>Patrice LOLOM, le 17 Mars 2015.<\/p>\n\n\n\n<p><strong>ESPACE V.U SARL soci\u00e9t\u00e9 d&rsquo;am\u00e9nagement, \u00e9quipement, agencement et transformation de v\u00e9hicule utilitaire, station Sortimo by Gruau agr\u00e9\u00e9e en Gironde (33), Dordogne (24), Lot-et-Garonne (47), Charente (16), Charente-Maritime (17)<\/strong> vous propose des <a title=\"Am\u00e9nagements pour v\u00e9hicules par ESPACE V.U Sarl \u00e0 Tresses pr\u00e8s de Bordeaux en Gironde en Aquitaine. Vente directe et exp\u00e9dition en France m\u00e9tropolitaine et en Corse.\" rel=\"noopener\" href=\"http:\/\/www.espace-vu.fr\/amenagement-vehicule-utilitaire.html\" target=\"_blank\">am\u00e9nagements de v\u00e9hicules utilitaires 167 avenue du P\u00e9rigord 33370 YVRAC, pr\u00e8s de Bordeaux <\/a>. Vente directe usine d&rsquo;\u00e9quipement de rangement, d&rsquo;arrimage et d&rsquo;agencement d&rsquo;\u00e9tag\u00e8re m\u00e9tallique pour les camions et les camionnettes des professionnels.<\/p>\n\n\n\n<p>Am\u00e9nagement de v\u00e9hicule utilitaire en atelier mobile pour entreprise TPE, PME-PMI, grand compte et collectivit\u00e9 locale, pour artisan&nbsp;<a title=\"am\u00e9nagement de v\u00e9hicules utilitaires pour fourgon plombier \u00e0 Tresses pr\u00e8s de Bordeaux en Gironde en Aquitaine. Vente directe et exp\u00e9dition en France m\u00e9tropolitaine et en Corse.\" rel=\"noopener\" href=\"http:\/\/www.espace-vu.fr\/amenagement-de-vehicule-utilitaire-plombier.html\" target=\"_blank\">Plombier<\/a>, chauffagiste, climaticien, \u00e9lectricien, menuisier, travaux public, sav, maintenance hydraulique, frigoriste, cuisiniste, d\u00e9panneur, installateur, poseur, technicien .. Visitez notre site institutionnel&nbsp;pour d\u00e9couvrir toutes les solutions que nos pouvons vous apporter.<\/p>\n\n\n\n<p>Le site institutionnel sur <strong><a title=\"Am\u00e9nagement de v\u00e9hicules utilitaires pour fourgon plombier, \u00e9lectricien menuisier, artisan TPE et PME \u00e0 Bordeaux en Gironde. Vente et exp\u00e9dition en France m\u00e9tropolitaine et en Corse de galerie en aluminium ou en acier galvanis\u00e9, pupitre porte-verre, plancher et habillage int\u00e9rieur en bois..\" href=\"http:\/\/www.espace-vu.fr\">www.espace-vu.fr<\/a><\/strong><\/p>\n\n\n\n<figure class=\"wp-block-image alignnone\"><a href=\"https:\/\/www.espace-vu.fr\/blog\/wp-content\/uploads\/2015\/03\/Amenagement_de_vehicules_utilitaires_entreprise_artisan_Espace_VU_station_Sortimo_by_Gruau_Bordeaux_33_16_17_24_47.jpg\"><img loading=\"lazy\" decoding=\"async\" width=\"300\" height=\"238\" src=\"https:\/\/www.espace-vu.fr\/blog\/wp-content\/uploads\/2015\/03\/Amenagement_de_vehicules_utilitaires_entreprise_artisan_Espace_VU_station_Sortimo_by_Gruau_Bordeaux_33_16_17_24_47-300x238.jpg\" alt=\"Espace V.U Sarl, station Sortimo by Gruau agr\u00e9\u00e9e \u00e0 Bordeaux pour l'am\u00e9nagement des v\u00e9hicules utilitaires des professionnels en Gironde 33, Charente 16, Charente-Maritime 17, Dordogne 24. Am\u00e9nagement int\u00e9rieur pour le camion ou la camionnette ateleir mobile de l'artisan plombier, \u00e9lectricien, chauffagiste, menuisier, climaticien, cuisiniste, frigoriste, d\u00e9panneur, installateur, poseur \" class=\"wp-image-200\" srcset=\"https:\/\/www.espace-vu.fr\/wp-content\/uploads\/2015\/03\/Amenagement_de_vehicules_utilitaires_entreprise_artisan_Espace_VU_station_Sortimo_by_Gruau_Bordeaux_33_16_17_24_47-300x238.jpg 300w, https:\/\/www.espace-vu.fr\/wp-content\/uploads\/2015\/03\/Amenagement_de_vehicules_utilitaires_entreprise_artisan_Espace_VU_station_Sortimo_by_Gruau_Bordeaux_33_16_17_24_47.jpg 500w\" sizes=\"(max-width: 300px) 100vw, 300px\" \/><\/a><figcaption>Espace V.U Sarl, station Sortimo by Gruau agr\u00e9\u00e9e pour l&rsquo;am\u00e9nagement de v\u00e9hicules utilitaires des entreprises, artisan, collectivit\u00e9 locale.<\/figcaption><\/figure>\n\n\n\n<p><strong>Vente et exp\u00e9dition en France m\u00e9tropolitaine et en Corse<\/strong> de <a title=\"Galerie en aluminium ou galerie en acier galvanis\u00e9 pour v\u00e9hicules utilitaires \u00e0 Tresses pr\u00e8s de Bordeaux en Gironde en Aquitaine. Vente directe et exp\u00e9dition en France m\u00e9tropolitaine et en Corse.\" href=\"http:\/\/www.espace-vu.fr\/galerie-pour-vehicule-utilitaire.html\" target=\"_blank\" rel=\"noopener\">galerie en aluminium, galerie en acier galvanis\u00e9<\/a>, <a title=\"Pupitre porte-verre et berce-vitre pour v\u00e9hicules utilitaires \u00e0 Tresses pr\u00e8s de Bordeaux en Gironde en Aquitaine. Vente directe et exp\u00e9dition en France m\u00e9tropolitaine et en Corse.\" href=\"http:\/\/www.espace-vu.fr\/pupitre-porte-verre-berce-vitre.html\" target=\"_blank\" rel=\"noopener\">pupitre lat\u00e9ral, porte-verre ext\u00e9rieur, berce-vitre int\u00e9rieur<\/a>, <a title=\"Plancher et habillage en bois pour v\u00e9hicules utilitaires \u00e0 Tresses pr\u00e8s de Bordeaux en Gironde en Aquitaine. Vente directe et exp\u00e9dition en France m\u00e9tropolitaine et en Corse.\" href=\"http:\/\/www.espace-vu.fr\/plancher-bois-vehicule-utilitair.html\" target=\"_blank\" rel=\"noopener\">plancher et habillage en bois ou en polypropyl\u00e8ne pour la protection int\u00e9rieure de la carrosserie<\/a> de tous les types de fourgon ou fourgonnette utilitaire d&rsquo;entreprise.<\/p>\n\n\n\n<p>Nous vous proposons \u00e9galement des syst\u00e8mes de barres serre-charges verticales, des attaches \u00e9chelles rapides pour les galeries, des marchepieds, des accessoires..<\/p>\n\n\n\n<p>Notre service commercial et technique est<br><strong>\u00e0 votre \u00e9coute,&nbsp;<\/strong>du <strong>lundi au vendredi de 08h30 \u00e0 12h30 et de 14h \u00e0 18h<\/strong> au <strong>05.56.20.96.58<\/strong> ou par mail <strong>contact@espace-vu.fr<\/strong>.<\/p>\n\n\n\n<figure class=\"wp-block-image alignnone\"><a href=\"https:\/\/www.espace-vu.fr\/blog\/wp-content\/uploads\/2015\/03\/amenagement_de_vehicules_utilitaires_sortimo_by_gruau_station_espace_vu_bordeaux_gironde_dordogne_charente_maritime_lot_et_garonne.png\"><img loading=\"lazy\" decoding=\"async\" width=\"191\" height=\"300\" src=\"https:\/\/www.espace-vu.fr\/blog\/wp-content\/uploads\/2015\/03\/amenagement_de_vehicules_utilitaires_sortimo_by_gruau_station_espace_vu_bordeaux_gironde_dordogne_charente_maritime_lot_et_garonne-191x300.png\" alt=\"Espace V.U Sarl, station Sortimo by Gruau agr\u00e9\u00e9e\" class=\"wp-image-191\" srcset=\"https:\/\/www.espace-vu.fr\/wp-content\/uploads\/2015\/03\/amenagement_de_vehicules_utilitaires_sortimo_by_gruau_station_espace_vu_bordeaux_gironde_dordogne_charente_maritime_lot_et_garonne-191x300.png 191w, https:\/\/www.espace-vu.fr\/wp-content\/uploads\/2015\/03\/amenagement_de_vehicules_utilitaires_sortimo_by_gruau_station_espace_vu_bordeaux_gironde_dordogne_charente_maritime_lot_et_garonne.png 538w\" sizes=\"(max-width: 191px) 100vw, 191px\" \/><\/a><figcaption>Am\u00e9nagement de v\u00e9hicules utilitaires. Espace V.U Sarl, Station Sortimo by Gruau agr\u00e9\u00e9e<\/figcaption><\/figure>\n\n\n\n<p>Suivez-nous sur les r\u00e9seaux sociaux, <strong><a title=\"Page Facebook pour l'am\u00e9nagement de v\u00e9hicules utilitaires \u00e0 Bordeaux en Gironde et en Aquitaine par ESPACE V.U Sarl.\" rel=\"noopener\" href=\"https:\/\/www.facebook.com\/espace.vu\" target=\"_blank\">Facebook <\/a><\/strong>, <a rel=\"noreferrer noopener\" href=\"https:\/\/www.linkedin.com\/company\/espace-v.u-sarl\/\" target=\"_blank\"><strong>Linkedin<\/strong><\/a>, <a rel=\"noreferrer noopener\" href=\"https:\/\/www.instagram.com\/espace_vu_sortimo_bordeaux\/?hl=fr\" target=\"_blank\"><strong>Instagram<\/strong><\/a> et <strong><a href=\"https:\/\/www.youtube.com\/c\/EspacevuFrBordeaux\/videos\" target=\"_blank\" rel=\"noreferrer noopener\">Youtube<\/a><\/strong> pour&nbsp;rester en contact avec toute l&rsquo;actualit\u00e9 de l&rsquo;<a title=\"Am\u00e9nagement pour v\u00e9hicules utilitaires plombier, \u00e9lectricien, menuisier. Agencement des fourgons de TPE et PME \u00e0 Tresses pr\u00e8s de Bordeaux en Gironde en Aquitaine. Vente directe et exp\u00e9dition en France m\u00e9tropolitaine et en Corse. \" rel=\"noopener\" href=\"http:\/\/www.espace-vu.fr\/amenagement-vehicule-utilitaire.html\" target=\"_blank\">am\u00e9nagement de v\u00e9hicules utilitaires pour les professionnels<\/a>.<\/p>\n\n\n<p><iframe loading=\"lazy\" title=\"Am\u00e9nagement Sprinter 37S \u00e9quipement d&#039;un Mercedes v\u00e9hicule utilitaire par ESPACE V.U\" width=\"660\" height=\"371\" src=\"https:\/\/www.youtube.com\/embed\/jBepyyIgDAg?feature=oembed\" frameborder=\"0\" allow=\"accelerometer; autoplay; clipboard-write; encrypted-media; gyroscope; picture-in-picture; web-share\" referrerpolicy=\"strict-origin-when-cross-origin\" allowfullscreen><\/iframe><\/p>\n\n\n<p><iframe loading=\"lazy\" title=\"Sortimo Globelyst\" width=\"660\" height=\"371\" src=\"https:\/\/www.youtube.com\/embed\/2CUgyXOxmWY?feature=oembed\" frameborder=\"0\" allow=\"accelerometer; autoplay; clipboard-write; encrypted-media; gyroscope; picture-in-picture; web-share\" referrerpolicy=\"strict-origin-when-cross-origin\" allowfullscreen><\/iframe><\/p>\n\n\n<p><iframe loading=\"lazy\" title=\"Product History: Product news Sortimo HD\" width=\"660\" height=\"371\" src=\"https:\/\/www.youtube.com\/embed\/9NPXibOX39E?feature=oembed\" frameborder=\"0\" allow=\"accelerometer; autoplay; clipboard-write; encrypted-media; gyroscope; picture-in-picture; web-share\" referrerpolicy=\"strict-origin-when-cross-origin\" allowfullscreen><\/iframe><\/p>\n","protected":false},"excerpt":{"rendered":"<p>Patrice LOLOM, le 17 Mars 2015. ESPACE V.U SARL soci\u00e9t\u00e9 d&rsquo;am\u00e9nagement, \u00e9quipement, agencement et transformation de v\u00e9hicule utilitaire, station Sortimo by Gruau agr\u00e9\u00e9e en Gironde (33), Dordogne (24), Lot-et-Garonne (47), Charente (16), Charente-Maritime (17) vous propose des am\u00e9nagements de v\u00e9hicules utilitaires 167 avenue du P\u00e9rigord 33370 YVRAC, pr\u00e8s de Bordeaux . Vente directe usine d&rsquo;\u00e9quipement &hellip; <a href=\"https:\/\/www.espace-vu.fr\/blog\/a-propos\/\" class=\"more-link\">Continuer la lecture de <span class=\"screen-reader-text\">Am\u00e9nagement de v\u00e9hicules utilitaires pour entreprise, artisan TPE, PME-PMI, collectivit\u00e9 locale et grand compte..<\/span><\/a><\/p>\n","protected":false},"author":2,"featured_media":256,"parent":0,"menu_order":0,"comment_status":"open","ping_status":"open","template":"","meta":{"footnotes":""},"_links":{"self":[{"href":"https:\/\/www.espace-vu.fr\/blog\/wp-json\/wp\/v2\/pages\/23"}],"collection":[{"href":"https:\/\/www.espace-vu.fr\/blog\/wp-json\/wp\/v2\/pages"}],"about":[{"href":"https:\/\/www.espace-vu.fr\/blog\/wp-json\/wp\/v2\/types\/page"}],"author":[{"embeddable":true,"href":"https:\/\/www.espace-vu.fr\/blog\/wp-json\/wp\/v2\/users\/2"}],"replies":[{"embeddable":true,"href":"https:\/\/www.espace-vu.fr\/blog\/wp-json\/wp\/v2\/comments?post=23"}],"version-history":[{"count":26,"href":"https:\/\/www.espace-vu.fr\/blog\/wp-json\/wp\/v2\/pages\/23\/revisions"}],"predecessor-version":[{"id":265,"href":"https:\/\/www.espace-vu.fr\/blog\/wp-json\/wp\/v2\/pages\/23\/revisions\/265"}],"wp:featuredmedia":[{"embeddable":true,"href":"https:\/\/www.espace-vu.fr\/blog\/wp-json\/wp\/v2\/media\/256"}],"wp:attachment":[{"href":"https:\/\/www.espace-vu.fr\/blog\/wp-json\/wp\/v2\/media?parent=23"}],"curies":[{"name":"wp","href":"https:\/\/api.w.org\/{rel}","templated":true}]}}