{"id":2,"date":"2015-02-12T11:05:27","date_gmt":"2015-02-12T11:05:27","guid":{"rendered":"http:\/\/www.espace-vu.fr\/blog\/?page_id=2"},"modified":"2018-09-10T10:50:14","modified_gmt":"2018-09-10T08:50:14","slug":"amenagement-de-vehicule-utilitaire","status":"publish","type":"page","link":"https:\/\/www.espace-vu.fr\/blog\/amenagement-de-vehicule-utilitaire\/","title":{"rendered":"Am\u00e9nagement de v\u00e9hicule utilitaire avec ESPACE V.U SARL &#8211; Sortimo SR5"},"content":{"rendered":"<p>Am\u00e9nagement de v\u00e9hicule utilitaire \u00e0 Bordeaux en Gironde 33370 YVRAC, \u00e9quipement et agencement d&rsquo;\u00e9tag\u00e8re m\u00e9tallique Sortimo SR5 pour les fourgons et fourgonnettes des professionnels. <em>La Sarl ESPACE V.U est \u00e0 vos c\u00f4t\u00e9s<\/em>.<\/p>\n<p><strong>Plombier, \u00e9lectricien, menuisier, v\u00e9hicule atelier, nous sommes sp\u00e9cialis\u00e9 dans l&rsquo;\u00e9quipement des v\u00e9hicules utilitaires pour les artisans, TPE, PME-PMI, collectivit\u00e9 locale et grand compte.<\/strong><\/p>\n<p>Devis gratuit personnalis\u00e9, <span style=\"color: #ff0000;\"><strong>vente directe usine et exp\u00e9dition\u00a0en France m\u00e9tropolitaine et en Corse de plancher et habillage en bois, galerie en aluminium et\u00a0 galerieen acier galvanis\u00e9, pupitre lat\u00e9ral, porte-verre ext\u00e9rieur et berce-vitre int\u00e9rieur<\/strong><\/span>.<\/p>\n<p>Am\u00e9nagement int\u00e9rieur de v\u00e9hicule utilitaire avec du mobilier m\u00e9tallique modulaire compos\u00e9 de casiers et d&rsquo;\u00e9tag\u00e8res en aluminium, \u00a0en acier galvanis\u00e9 et polypropyl\u00e8ne, nouvelle gamme 2018 Sortimo SR5.<\/p>\n<p>Des solutions de rangement pour tous vos consommables et toutes vos mallettes.<\/p>\n<p><strong>Contactez-nous du lundi au vendredi de 08h \u00e0 12h et de 14h \u00e0 18h au 05.56.20.96.58 au par le biais de notre <a title=\"Am\u00e9nagement de v\u00e9hicule utilitaire pour plombier, \u00e9lectricien, menuisier, v\u00e9hicule atelier et les PME \u00e0 Bordeaux en Gironde. Vente en France m\u00e9tropolitaine et en Corse.\" href=\"http:\/\/www.espace-vu.fr\" target=\"_blank\" rel=\"noopener\">site internet institutionnel<\/a>.<\/strong><\/p>\n<p>&nbsp;<\/p>\n","protected":false},"excerpt":{"rendered":"<p>Am\u00e9nagement de v\u00e9hicule utilitaire \u00e0 Bordeaux en Gironde 33370 YVRAC, \u00e9quipement et agencement d&rsquo;\u00e9tag\u00e8re m\u00e9tallique Sortimo SR5 pour les fourgons et fourgonnettes des professionnels. La Sarl ESPACE V.U est \u00e0 vos c\u00f4t\u00e9s. Plombier, \u00e9lectricien, menuisier, v\u00e9hicule atelier, nous sommes sp\u00e9cialis\u00e9 dans l&rsquo;\u00e9quipement des v\u00e9hicules utilitaires pour les artisans, TPE, PME-PMI, collectivit\u00e9 locale et grand compte. &hellip; <a href=\"https:\/\/www.espace-vu.fr\/blog\/amenagement-de-vehicule-utilitaire\/\" class=\"more-link\">Continuer la lecture de <span class=\"screen-reader-text\">Am\u00e9nagement de v\u00e9hicule utilitaire avec ESPACE V.U SARL &#8211; Sortimo SR5<\/span><\/a><\/p>\n","protected":false},"author":1,"featured_media":0,"parent":0,"menu_order":0,"comment_status":"open","ping_status":"open","template":"","meta":{"footnotes":""},"_links":{"self":[{"href":"https:\/\/www.espace-vu.fr\/blog\/wp-json\/wp\/v2\/pages\/2"}],"collection":[{"href":"https:\/\/www.espace-vu.fr\/blog\/wp-json\/wp\/v2\/pages"}],"about":[{"href":"https:\/\/www.espace-vu.fr\/blog\/wp-json\/wp\/v2\/types\/page"}],"author":[{"embeddable":true,"href":"https:\/\/www.espace-vu.fr\/blog\/wp-json\/wp\/v2\/users\/1"}],"replies":[{"embeddable":true,"href":"https:\/\/www.espace-vu.fr\/blog\/wp-json\/wp\/v2\/comments?post=2"}],"version-history":[{"count":6,"href":"https:\/\/www.espace-vu.fr\/blog\/wp-json\/wp\/v2\/pages\/2\/revisions"}],"predecessor-version":[{"id":224,"href":"https:\/\/www.espace-vu.fr\/blog\/wp-json\/wp\/v2\/pages\/2\/revisions\/224"}],"wp:attachment":[{"href":"https:\/\/www.espace-vu.fr\/blog\/wp-json\/wp\/v2\/media?parent=2"}],"curies":[{"name":"wp","href":"https:\/\/api.w.org\/{rel}","templated":true}]}}